{"id":56,"date":"2025-09-10T12:38:48","date_gmt":"2025-09-10T16:38:48","guid":{"rendered":"https:\/\/adriq.com\/?page_id=56"},"modified":"2026-02-07T07:53:50","modified_gmt":"2026-02-07T12:53:50","slug":"partners","status":"publish","type":"page","link":"https:\/\/www.adriq.com\/en\/about\/partners\/","title":{"rendered":"Partners"},"content":{"rendered":"\n<p>ADRIQ is proud to partner with organizations that share our commitment to fostering innovation in Quebec. Their support and collaboration directly contribute to building a more dynamic and competitive ecosystem.<\/p>\n\n\n\n<p>We are very grateful for their contribution and invite our members and non-members to discover all our partners by clicking on their logos. Interested in collaborating with ADRIQ? Contact Marilyn R\u00e9millard, Director of Communications and Events, at <a href=\"mailto:marilyn.remillard@adriq.com\" target=\"_blank\" rel=\"noreferrer noopener\">marilyn.remillard@adriq.com<\/a>.<\/p>\n\n\n\n<h2 class=\"wp-block-heading\"><mark style=\"background-color:rgba(0, 0, 0, 0)\" class=\"has-inline-color has-primary-color\">Thank&#8217;s to our loyal partners of excellence and collaborators<\/mark><\/h2>\n\n\n<section class=\"logos-grid-group aligndefault logos-grid-group--col-6 logos-grid-group--align-left\"\n>\n   <div class=\"logos-grid-group__listing\">\n     <div class=\"acf-innerblocks-container\">\n<div class=\"logos-grid-item logos-grid-item--white-background\">\n  <a href=\"https:\/\/www.canada.ca\/fr.html\" target=\"_blank\" class=\"logos-grid-item__inner\" rel=\"noopener noreferrer\">    <div class=\"logos-grid-item__image-wrapper\">\n      <img decoding=\"async\" width=\"192\" height=\"63\" src=\"https:\/\/www.adriq.com\/wp-content\/uploads\/2025\/09\/DEC_Mot-symbole-Canada.jpg\" class=\"attachment-medium size-medium\" alt=\"Gouvernement du Canada\" \/>    <\/div>\n  <\/a><\/div>\n\n\n<div class=\"logos-grid-item logos-grid-item--white-background\">\n  <a href=\"https:\/\/www.quebec.ca\/gouvernement\/ministeres-organismes\/economie\" target=\"_blank\" class=\"logos-grid-item__inner\" rel=\"noopener noreferrer\">    <div class=\"logos-grid-item__image-wrapper\">\n      <img decoding=\"async\" width=\"192\" height=\"63\" src=\"https:\/\/www.adriq.com\/wp-content\/uploads\/2025\/09\/Quebec-drapeau.png\" class=\"attachment-medium size-medium\" alt=\"Minist\u00e8re de l&#039;\u00c9conomie, de l&#039;Innovation et de l&#039;\u00c9nergie\" \/>    <\/div>\n  <\/a><\/div>\n\n\n<div class=\"logos-grid-item logos-grid-item--white-background\">\n  <a href=\"https:\/\/conseilinnovation.quebec\/\" target=\"_blank\" class=\"logos-grid-item__inner\" rel=\"noopener noreferrer\">    <div class=\"logos-grid-item__image-wrapper\">\n      <img decoding=\"async\" width=\"192\" height=\"63\" src=\"https:\/\/www.adriq.com\/wp-content\/uploads\/2025\/09\/CIQ-site-web-192x63-1.jpg\" class=\"attachment-medium size-medium\" alt=\"Conseil de l&#039;innovation du Qu\u00e9bec\" \/>    <\/div>\n  <\/a><\/div>\n\n\n<div class=\"logos-grid-item logos-grid-item--white-background\">\n  <a href=\"https:\/\/www.axelys.ca\/\" target=\"_blank\" class=\"logos-grid-item__inner\" rel=\"noopener noreferrer\">    <div class=\"logos-grid-item__image-wrapper\">\n      <img decoding=\"async\" width=\"192\" height=\"63\" src=\"https:\/\/www.adriq.com\/wp-content\/uploads\/2025\/09\/Axelys-2025.jpg\" class=\"attachment-medium size-medium\" alt=\"Axelys\" \/>    <\/div>\n  <\/a><\/div>\n\n\n<div class=\"logos-grid-item logos-grid-item--white-background\">\n  <a href=\"https:\/\/www.crim.ca\/fr\/\" target=\"_blank\" class=\"logos-grid-item__inner\" rel=\"noopener noreferrer\">    <div class=\"logos-grid-item__image-wrapper\">\n      <img decoding=\"async\" width=\"192\" height=\"63\" src=\"https:\/\/www.adriq.com\/wp-content\/uploads\/2025\/09\/CRIM.png\" class=\"attachment-medium size-medium\" alt=\"CRIM\" \/>    <\/div>\n  <\/a><\/div>\n\n\n<div class=\"logos-grid-item logos-grid-item--white-background\">\n  <a href=\"https:\/\/cqrda.ca\/\" target=\"_blank\" class=\"logos-grid-item__inner\" rel=\"noopener noreferrer\">    <div class=\"logos-grid-item__image-wrapper\">\n      <img decoding=\"async\" width=\"192\" height=\"63\" src=\"https:\/\/www.adriq.com\/wp-content\/uploads\/2026\/01\/CQRDA-1.png\" class=\"attachment-medium size-medium\" alt=\"Centre qu\u00e9b\u00e9cois de recherche et de d\u00e9veloppement de l&#039;aluminium\" \/>    <\/div>\n  <\/a><\/div>\n\n\n<div class=\"logos-grid-item logos-grid-item--white-background\">\n  <a href=\"https:\/\/cqdm.org\/\" target=\"_blank\" class=\"logos-grid-item__inner\" rel=\"noopener noreferrer\">    <div class=\"logos-grid-item__image-wrapper\">\n      <img decoding=\"async\" width=\"192\" height=\"63\" src=\"https:\/\/www.adriq.com\/wp-content\/uploads\/2026\/01\/CQDM.png\" class=\"attachment-medium size-medium\" alt=\"Consortium de recherche biopharmaceutique\" \/>    <\/div>\n  <\/a><\/div>\n\n\n<div class=\"logos-grid-item logos-grid-item--white-background\">\n  <a href=\"https:\/\/www.critm.ca\/\" target=\"_blank\" class=\"logos-grid-item__inner\" rel=\"noopener noreferrer\">    <div class=\"logos-grid-item__image-wrapper\">\n      <img decoding=\"async\" width=\"192\" height=\"63\" src=\"https:\/\/www.adriq.com\/wp-content\/uploads\/2026\/01\/CRITM.png\" class=\"attachment-medium size-medium\" alt=\"Consortium de recherche et d\u2019innovation en transformation m\u00e9tallique\" \/>    <\/div>\n  <\/a><\/div>\n\n\n<div class=\"logos-grid-item logos-grid-item--white-background\">\n  <a href=\"https:\/\/cribiq.qc.ca\/\" target=\"_blank\" class=\"logos-grid-item__inner\" rel=\"noopener noreferrer\">    <div class=\"logos-grid-item__image-wrapper\">\n      <img decoding=\"async\" width=\"192\" height=\"63\" src=\"https:\/\/www.adriq.com\/wp-content\/uploads\/2026\/01\/CRIBIQ.png\" class=\"attachment-medium size-medium\" alt=\"Consortium de recherche et innovations en bioproc\u00e9d\u00e9s industriels au Qu\u00e9bec\" \/>    <\/div>\n  <\/a><\/div>\n\n\n<div class=\"logos-grid-item logos-grid-item--white-background\">\n  <a href=\"https:\/\/www.etsmtl.ca\/\" target=\"_blank\" class=\"logos-grid-item__inner\" rel=\"noopener noreferrer\">    <div class=\"logos-grid-item__image-wrapper\">\n      <img decoding=\"async\" width=\"192\" height=\"63\" src=\"https:\/\/www.adriq.com\/wp-content\/uploads\/2025\/09\/ETS.png\" class=\"attachment-medium size-medium\" alt=\"\u00c9cole de technologie sup\u00e9rieure\" \/>    <\/div>\n  <\/a><\/div>\n\n\n<div class=\"logos-grid-item logos-grid-item--white-background\">\n  <a href=\"https:\/\/expertease.ca\/\" target=\"_blank\" class=\"logos-grid-item__inner\" rel=\"noopener noreferrer\">    <div class=\"logos-grid-item__image-wrapper\">\n      <img decoding=\"async\" width=\"192\" height=\"63\" src=\"https:\/\/www.adriq.com\/wp-content\/uploads\/2026\/01\/XPAV.png\" class=\"attachment-medium size-medium\" alt=\"XPAV\" \/>    <\/div>\n  <\/a><\/div>\n\n\n<div class=\"logos-grid-item logos-grid-item--white-background\">\n  <a href=\"https:\/\/frq.gouv.qc.ca\/\" target=\"_blank\" class=\"logos-grid-item__inner\" rel=\"noopener noreferrer\">    <div class=\"logos-grid-item__image-wrapper\">\n      <img decoding=\"async\" width=\"192\" height=\"63\" src=\"https:\/\/www.adriq.com\/wp-content\/uploads\/2026\/01\/Fonds-de-recherche-du-Quebec.png\" class=\"attachment-medium size-medium\" alt=\"Fonds de recherche du Qu\u00e9bec\" \/>    <\/div>\n  <\/a><\/div>\n\n\n<div class=\"logos-grid-item logos-grid-item--white-background\">\n  <a href=\"https:\/\/www.garant.com\/\" target=\"_blank\" class=\"logos-grid-item__inner\" rel=\"noopener noreferrer\">    <div class=\"logos-grid-item__image-wrapper\">\n      <img decoding=\"async\" width=\"192\" height=\"63\" src=\"https:\/\/www.adriq.com\/wp-content\/uploads\/2026\/02\/Garant-1.png\" class=\"attachment-medium size-medium\" alt=\"Garant\" \/>    <\/div>\n  <\/a><\/div>\n\n\n<div class=\"logos-grid-item logos-grid-item--white-background\">\n  <a href=\"https:\/\/www.hydroquebec.com\/residentiel\/mieux-consommer\/conseils\/?gad_source=1&amp;gad_campaignid=20266394610&amp;gbraid=0AAAAAotyHJ12PlPA3C3LifVH-KhVw-J4I&amp;gclid=CjwKCAiAvaLLBhBFEiwAYCNTf8DROJjpP96VOjo3Dba7368syT_lofJoN2DuXIdzqC76UM2y3JSMsRoCgasQAvD_BwE\" target=\"_blank\" class=\"logos-grid-item__inner\" rel=\"noopener noreferrer\">    <div class=\"logos-grid-item__image-wrapper\">\n      <img decoding=\"async\" width=\"192\" height=\"63\" src=\"https:\/\/www.adriq.com\/wp-content\/uploads\/2025\/09\/Hydro-Quebec-noir.png\" class=\"attachment-medium size-medium\" alt=\"Hydro-Qu\u00e9bec\" \/>    <\/div>\n  <\/a><\/div>\n\n\n<div class=\"logos-grid-item logos-grid-item--white-background\">\n  <a href=\"https:\/\/www.innovation.ca\/fr\" target=\"_blank\" class=\"logos-grid-item__inner\" rel=\"noopener noreferrer\">    <div class=\"logos-grid-item__image-wrapper\">\n      <img decoding=\"async\" width=\"192\" height=\"63\" src=\"https:\/\/www.adriq.com\/wp-content\/uploads\/2025\/09\/FCI.jpg\" class=\"attachment-medium size-medium\" alt=\"Fondation canadienne pour l&#039;innovation\" \/>    <\/div>\n  <\/a><\/div>\n\n\n<div class=\"logos-grid-item logos-grid-item--white-background\">\n  <a href=\"https:\/\/innovee.quebec\/\" target=\"_blank\" class=\"logos-grid-item__inner\" rel=\"noopener noreferrer\">    <div class=\"logos-grid-item__image-wrapper\">\n      <img decoding=\"async\" width=\"192\" height=\"63\" src=\"https:\/\/www.adriq.com\/wp-content\/uploads\/2026\/01\/Innovee.png\" class=\"attachment-medium size-medium\" alt=\"Innov\u00c9\u00c9\" \/>    <\/div>\n  <\/a><\/div>\n\n\n<div class=\"logos-grid-item logos-grid-item--white-background\">\n  <a href=\"https:\/\/www.ino.ca\/fr\/\" target=\"_blank\" class=\"logos-grid-item__inner\" rel=\"noopener noreferrer\">    <div class=\"logos-grid-item__image-wrapper\">\n      <img decoding=\"async\" width=\"192\" height=\"63\" src=\"https:\/\/www.adriq.com\/wp-content\/uploads\/2026\/01\/INO.png\" class=\"attachment-medium size-medium\" alt=\"Institut national d\u2019optique\" \/>    <\/div>\n  <\/a><\/div>\n\n\n<div class=\"logos-grid-item logos-grid-item--white-background\">\n  <a href=\"https:\/\/www.investquebec.com\/quebec\/fr\/\" target=\"_blank\" class=\"logos-grid-item__inner\" rel=\"noopener noreferrer\">    <div class=\"logos-grid-item__image-wrapper\">\n      <img decoding=\"async\" width=\"192\" height=\"63\" src=\"https:\/\/www.adriq.com\/wp-content\/uploads\/2026\/02\/Investissement-Quebec-1.png\" class=\"attachment-medium size-medium\" alt=\"Investissement Qu\u00e9bec\" \/>    <\/div>\n  <\/a><\/div>\n\n\n<div class=\"logos-grid-item logos-grid-item--white-background\">\n  <a href=\"https:\/\/ivado.ca\/\" target=\"_blank\" class=\"logos-grid-item__inner\" rel=\"noopener noreferrer\">    <div class=\"logos-grid-item__image-wrapper\">\n      <img decoding=\"async\" width=\"192\" height=\"63\" src=\"https:\/\/www.adriq.com\/wp-content\/uploads\/2025\/09\/IVADO.png\" class=\"attachment-medium size-medium\" alt=\"IVADO\" \/>    <\/div>\n  <\/a><\/div>\n\n\n<div class=\"logos-grid-item logos-grid-item--white-background\">\n  <a href=\"https:\/\/innovativemedicines.ca\/fr\/\" target=\"_blank\" class=\"logos-grid-item__inner\" rel=\"noopener noreferrer\">    <div class=\"logos-grid-item__image-wrapper\">\n      <img decoding=\"async\" width=\"192\" height=\"63\" src=\"https:\/\/www.adriq.com\/wp-content\/uploads\/2025\/09\/Medicaments-novateurs-Canada.png\" class=\"attachment-medium size-medium\" alt=\"M\u00e9dicaments novateurs Canada\" \/>    <\/div>\n  <\/a><\/div>\n\n\n<div class=\"logos-grid-item logos-grid-item--white-background\">\n  <a href=\"https:\/\/www.medteq.ca\/\" target=\"_blank\" class=\"logos-grid-item__inner\" rel=\"noopener noreferrer\">    <div class=\"logos-grid-item__image-wrapper\">\n      <img decoding=\"async\" width=\"192\" height=\"63\" src=\"https:\/\/www.adriq.com\/wp-content\/uploads\/2026\/01\/Medteq.png\" class=\"attachment-medium size-medium\" alt=\"MEDTEQ+\" \/>    <\/div>\n  <\/a><\/div>\n\n\n<div class=\"logos-grid-item logos-grid-item--white-background\">\n  <a href=\"https:\/\/micrologic.ca\/fr\/\" target=\"_blank\" class=\"logos-grid-item__inner\" rel=\"noopener noreferrer\">    <div class=\"logos-grid-item__image-wrapper\">\n      <img decoding=\"async\" width=\"192\" height=\"63\" src=\"https:\/\/www.adriq.com\/wp-content\/uploads\/2026\/01\/Micrologic-1.png\" class=\"attachment-medium size-medium\" alt=\"Micrologic\" \/>    <\/div>\n  <\/a><\/div>\n\n\n<div class=\"logos-grid-item logos-grid-item--white-background\">\n  <a href=\"https:\/\/www.polymtl.ca\/\" target=\"_blank\" class=\"logos-grid-item__inner\" rel=\"noopener noreferrer\">    <div class=\"logos-grid-item__image-wrapper\">\n      <img decoding=\"async\" width=\"192\" height=\"63\" src=\"https:\/\/www.adriq.com\/wp-content\/uploads\/2025\/09\/Polytechnique-Montreal-2025.jpg\" class=\"attachment-medium size-medium\" alt=\"Polytechnique Montr\u00e9al\" \/>    <\/div>\n  <\/a><\/div>\n\n\n<div class=\"logos-grid-item logos-grid-item--white-background\">\n  <a href=\"https:\/\/www.prima.ca\/\" target=\"_blank\" class=\"logos-grid-item__inner\" rel=\"noopener noreferrer\">    <div class=\"logos-grid-item__image-wrapper\">\n      <img decoding=\"async\" width=\"192\" height=\"63\" src=\"https:\/\/www.adriq.com\/wp-content\/uploads\/2026\/01\/prima.png\" class=\"attachment-medium size-medium\" alt=\"PRIMA Qu\u00e9bec\" \/>    <\/div>\n  <\/a><\/div>\n\n\n<div class=\"logos-grid-item logos-grid-item--white-background\">\n  <a href=\"https:\/\/promptinnov.com\/\" target=\"_blank\" class=\"logos-grid-item__inner\" rel=\"noopener noreferrer\">    <div class=\"logos-grid-item__image-wrapper\">\n      <img decoding=\"async\" width=\"192\" height=\"63\" src=\"https:\/\/www.adriq.com\/wp-content\/uploads\/2026\/01\/Prompt.png\" class=\"attachment-medium size-medium\" alt=\"Prompt\" \/>    <\/div>\n  <\/a><\/div>\n\n\n<div class=\"logos-grid-item logos-grid-item--white-background\">\n  <a href=\"https:\/\/quebectech.com\/\" target=\"_blank\" class=\"logos-grid-item__inner\" rel=\"noopener noreferrer\">    <div class=\"logos-grid-item__image-wrapper\">\n      <img decoding=\"async\" width=\"192\" height=\"63\" src=\"https:\/\/www.adriq.com\/wp-content\/uploads\/2025\/09\/Quebec-tech.jpg\" class=\"attachment-medium size-medium\" alt=\"Qu\u00e9bec Tech\" \/>    <\/div>\n  <\/a><\/div>\n\n\n<div class=\"logos-grid-item logos-grid-item--white-background\">\n  <a href=\"https:\/\/reseaucctt.ca\/\" target=\"_blank\" class=\"logos-grid-item__inner\" rel=\"noopener noreferrer\">    <div class=\"logos-grid-item__image-wrapper\">\n      <img decoding=\"async\" width=\"192\" height=\"63\" src=\"https:\/\/www.adriq.com\/wp-content\/uploads\/2025\/09\/Logo-pour-site-web_Reseau-des-CCTT.jpg\" class=\"attachment-medium size-medium\" alt=\"R\u00e9seau des CCTT\" \/>    <\/div>\n  <\/a><\/div>\n\n\n<div class=\"logos-grid-item logos-grid-item--white-background\">\n  <a href=\"https:\/\/www.rqis.org\/\" target=\"_blank\" class=\"logos-grid-item__inner\" rel=\"noopener noreferrer\">    <div class=\"logos-grid-item__image-wrapper\">\n      <img decoding=\"async\" width=\"192\" height=\"63\" src=\"https:\/\/www.adriq.com\/wp-content\/uploads\/2025\/09\/RQIS-2025.jpg\" class=\"attachment-medium size-medium\" alt=\"R\u00e9seau qu\u00e9b\u00e9cois en innovation sociale\" \/>    <\/div>\n  <\/a><\/div>\n\n\n<div class=\"logos-grid-item logos-grid-item--white-background\">\n  <a href=\"https:\/\/sillons.ca\/\" target=\"_blank\" class=\"logos-grid-item__inner\" rel=\"noopener noreferrer\">    <div class=\"logos-grid-item__image-wrapper\">\n      <img decoding=\"async\" width=\"192\" height=\"63\" src=\"https:\/\/www.adriq.com\/wp-content\/uploads\/2026\/01\/Sillons.png\" class=\"attachment-medium size-medium\" alt=\"Sillons\" \/>    <\/div>\n  <\/a><\/div>\n\n\n<div class=\"logos-grid-item logos-grid-item--white-background\">\n  <a href=\"https:\/\/www.concordia.ca\/fr.html\" target=\"_blank\" class=\"logos-grid-item__inner\" rel=\"noopener noreferrer\">    <div class=\"logos-grid-item__image-wrapper\">\n      <img decoding=\"async\" width=\"192\" height=\"63\" src=\"https:\/\/www.adriq.com\/wp-content\/uploads\/2025\/12\/Concordia.png\" class=\"attachment-medium size-medium\" alt=\"Universit\u00e9 Concordia\" \/>    <\/div>\n  <\/a><\/div>\n\n\n<div class=\"logos-grid-item logos-grid-item--white-background\">\n  <a href=\"https:\/\/www.umontreal.ca\/\" target=\"_blank\" class=\"logos-grid-item__inner\" rel=\"noopener noreferrer\">    <div class=\"logos-grid-item__image-wrapper\">\n      <img decoding=\"async\" width=\"192\" height=\"63\" src=\"https:\/\/www.adriq.com\/wp-content\/uploads\/2025\/09\/Universite-de-Montreal.png\" class=\"attachment-medium size-medium\" alt=\"Universit\u00e9 de Montr\u00e9al\" \/>    <\/div>\n  <\/a><\/div>\n\n\n<div class=\"logos-grid-item logos-grid-item--white-background\">\n  <a href=\"https:\/\/www.ulaval.ca\/\" target=\"_blank\" class=\"logos-grid-item__inner\" rel=\"noopener noreferrer\">    <div class=\"logos-grid-item__image-wrapper\">\n      <img decoding=\"async\" width=\"192\" height=\"63\" src=\"https:\/\/www.adriq.com\/wp-content\/uploads\/2025\/09\/Universite-Laval-logo.jpg\" class=\"attachment-medium size-medium\" alt=\"Universit\u00e9 Laval\" \/>    <\/div>\n  <\/a><\/div>\n\n\n<div class=\"logos-grid-item logos-grid-item--white-background\">\n  <a href=\"https:\/\/www.usherbrooke.ca\/\" target=\"_blank\" class=\"logos-grid-item__inner\" rel=\"noopener noreferrer\">    <div class=\"logos-grid-item__image-wrapper\">\n      <img decoding=\"async\" width=\"192\" height=\"63\" src=\"https:\/\/www.adriq.com\/wp-content\/uploads\/2026\/01\/Universite-de-Sherbrooke.png\" class=\"attachment-medium size-medium\" alt=\"Universit\u00e9 de Sherbrooke\" \/>    <\/div>\n  <\/a><\/div>\n\n\n<div class=\"logos-grid-item logos-grid-item--white-background\">\n  <a href=\"https:\/\/www.mcgill.ca\/fr\" target=\"_blank\" class=\"logos-grid-item__inner\" rel=\"noopener noreferrer\">    <div class=\"logos-grid-item__image-wrapper\">\n      <img decoding=\"async\" width=\"192\" height=\"63\" src=\"https:\/\/www.adriq.com\/wp-content\/uploads\/2025\/09\/Logo-McGill_pour-site-web.jpg\" class=\"attachment-medium size-medium\" alt=\"Universit\u00e9 McGill\" \/>    <\/div>\n  <\/a><\/div>\n\n\n<div class=\"logos-grid-item logos-grid-item--white-background\">\n  <a href=\"https:\/\/mirabel.ca\/\" target=\"_blank\" class=\"logos-grid-item__inner\" rel=\"noopener noreferrer\">    <div class=\"logos-grid-item__image-wrapper\">\n      <img decoding=\"async\" width=\"192\" height=\"63\" src=\"https:\/\/www.adriq.com\/wp-content\/uploads\/2025\/09\/Mirabel-Economique-2025.jpg\" class=\"attachment-medium size-medium\" alt=\"Ville de Mirabel\" \/>    <\/div>\n  <\/a><\/div>\n\n<\/div>\n   <\/div>\n<\/section>\n","protected":false},"excerpt":{"rendered":"<p>ADRIQ is proud to partner with organizations that share our commitment to fostering innovation in Quebec. Their support and collaboration&hellip;<\/p>\n","protected":false},"author":1,"featured_media":0,"parent":44,"menu_order":0,"comment_status":"closed","ping_status":"closed","template":"","meta":{"_acf_changed":false,"footnotes":""},"class_list":["post-56","page","type-page","status-publish","hentry"],"acf":[],"_links":{"self":[{"href":"https:\/\/www.adriq.com\/en\/wp-json\/wp\/v2\/pages\/56","targetHints":{"allow":["GET"]}}],"collection":[{"href":"https:\/\/www.adriq.com\/en\/wp-json\/wp\/v2\/pages"}],"about":[{"href":"https:\/\/www.adriq.com\/en\/wp-json\/wp\/v2\/types\/page"}],"author":[{"embeddable":true,"href":"https:\/\/www.adriq.com\/en\/wp-json\/wp\/v2\/users\/1"}],"replies":[{"embeddable":true,"href":"https:\/\/www.adriq.com\/en\/wp-json\/wp\/v2\/comments?post=56"}],"version-history":[{"count":8,"href":"https:\/\/www.adriq.com\/en\/wp-json\/wp\/v2\/pages\/56\/revisions"}],"predecessor-version":[{"id":2979,"href":"https:\/\/www.adriq.com\/en\/wp-json\/wp\/v2\/pages\/56\/revisions\/2979"}],"up":[{"embeddable":true,"href":"https:\/\/www.adriq.com\/en\/wp-json\/wp\/v2\/pages\/44"}],"wp:attachment":[{"href":"https:\/\/www.adriq.com\/en\/wp-json\/wp\/v2\/media?parent=56"}],"curies":[{"name":"wp","href":"https:\/\/api.w.org\/{rel}","templated":true}]}}